{"id":28,"date":"2017-12-21T13:04:40","date_gmt":"2017-12-21T12:04:40","guid":{"rendered":"http:\/\/agjkomfort.pl\/?page_id=28"},"modified":"2022-12-22T12:19:29","modified_gmt":"2022-12-22T11:19:29","slug":"o-nas","status":"publish","type":"page","link":"https:\/\/agjkomfort.pl\/?page_id=28","title":{"rendered":"O nas"},"content":{"rendered":"<p style=\"text-align: left;\">Jeste\u015bmy dynamicznie rozwijaj\u0105cym si\u0119 zespo\u0142em. Nasz\u0105 firm\u0119 tworz\u0105 osoby, kt\u00f3re od pocz\u0105tku swojej karier zawodowej zwi\u0105zane s\u0105 z meblarstwem. Du\u017cy baga\u017c do\u015bwiadcze\u0144 pozwoli\u0142 nam od pocz\u0105tku skutecznie dzia\u0142a\u0107 na rynku co zaowocowa\u0142o wsp\u00f3\u0142prac\u0105 z\u00a0takimi firmami jak BUDIMEX, SKANSKA czy WARBUD.<\/p>\n<p style=\"text-align: left;\">Zajmujemy si\u0119 g\u0142\u00f3wnie wyposa\u017caniem obiekt\u00f3w u\u017cyteczno\u015bci publicznej\u00a0w siedziska widowiskowe oraz r\u00f3\u017cnego rodzaju nietypowe meble projektowane.<\/p>\n<p style=\"text-align: left;\">Dok\u0142adamy wszelkich stara\u0144 aby wsp\u00f3\u0142praca klienta z nasz\u0105 firm\u0105 przebiega\u0142a w przyjaznej atmosferze, zapewniaj\u0105c przy tym profesjonaln\u0105 i rzeteln\u0105 realizacj\u0119 powierzonych nam zada\u0144.<\/p>\n","protected":false},"excerpt":{"rendered":"<p>Jeste\u015bmy dynamicznie rozwijaj\u0105cym si\u0119 zespo\u0142em. Nasz\u0105 firm\u0119 tworz\u0105 osoby, kt\u00f3re od pocz\u0105tku swojej karier zawodowej zwi\u0105zane s\u0105 z meblarstwem. Du\u017cy baga\u017c do\u015bwiadcze\u0144 pozwoli\u0142 nam od pocz\u0105tku skutecznie dzia\u0142a\u0107 na rynku co zaowocowa\u0142o wsp\u00f3\u0142prac\u0105 z\u00a0takimi firmami jak BUDIMEX, SKANSKA czy WARBUD. Zajmujemy si\u0119 g\u0142\u00f3wnie wyposa\u017caniem obiekt\u00f3w u\u017cyteczno\u015bci publicznej\u00a0w siedziska widowiskowe oraz r\u00f3\u017cnego rodzaju nietypowe meble projektowane. [&hellip;]<\/p>\n","protected":false},"author":1,"featured_media":0,"parent":0,"menu_order":0,"comment_status":"closed","ping_status":"closed","template":"page_fullwidth.php","meta":[],"_links":{"self":[{"href":"https:\/\/agjkomfort.pl\/index.php?rest_route=\/wp\/v2\/pages\/28"}],"collection":[{"href":"https:\/\/agjkomfort.pl\/index.php?rest_route=\/wp\/v2\/pages"}],"about":[{"href":"https:\/\/agjkomfort.pl\/index.php?rest_route=\/wp\/v2\/types\/page"}],"author":[{"embeddable":true,"href":"https:\/\/agjkomfort.pl\/index.php?rest_route=\/wp\/v2\/users\/1"}],"replies":[{"embeddable":true,"href":"https:\/\/agjkomfort.pl\/index.php?rest_route=%2Fwp%2Fv2%2Fcomments&post=28"}],"version-history":[{"count":9,"href":"https:\/\/agjkomfort.pl\/index.php?rest_route=\/wp\/v2\/pages\/28\/revisions"}],"predecessor-version":[{"id":1158,"href":"https:\/\/agjkomfort.pl\/index.php?rest_route=\/wp\/v2\/pages\/28\/revisions\/1158"}],"wp:attachment":[{"href":"https:\/\/agjkomfort.pl\/index.php?rest_route=%2Fwp%2Fv2%2Fmedia&parent=28"}],"curies":[{"name":"wp","href":"https:\/\/api.w.org\/{rel}","templated":true}]}}