{"id":174,"date":"2017-12-29T13:26:48","date_gmt":"2017-12-29T12:26:48","guid":{"rendered":"http:\/\/agjkomfort.pl\/?page_id=174"},"modified":"2017-12-29T14:12:40","modified_gmt":"2017-12-29T13:12:40","slug":"oferta-2","status":"publish","type":"page","link":"https:\/\/agjkomfort.pl\/?page_id=174","title":{"rendered":"Oferta"},"content":{"rendered":"<p><strong>Fotele audytoryjne<\/strong> \u2013 g\u0142\u00f3wna dziedzina naszej dzia\u0142alno\u015bci to dostawa i monta\u017c foteli i krzese\u0142 widowiskowych tj. foteli teatralnych oraz foteli i krzese\u0142 audytoryjnych. Posiadamy du\u017cy zakres asortymentu, a tak\u017ce projektujemy i wykonujemy modele foteli i krzese\u0142 zgodnie z oczekiwaniem naszych klient\u00f3w.<\/p>\n<p><strong>Meble projektowane<\/strong> \u2013 produkujemy i dostarczamy meble nietypowe takie jak lady recepcyjne, katedry i m\u00f3wnice, aneksy kuchenne oraz siedziska projektowane. Realizacja zam\u00f3wienia powstaje w oparciu o gotowe projekty dla danej inwestycji oraz na bazie naszych indywidualnych projekt\u00f3w sporz\u0105dzonych w konsultacji z Inwestorem.<\/p>\n<p><strong>Szklane ok\u0142adziny \u015bcienne <\/strong>\u2013 posiadamy du\u017ce do\u015bwiadczenie w dostawie i monta\u017cu szklanych ok\u0142adzin \u015bciennych typu lacobel. Takie wyko\u0144czenie \u015bcian jest idealnym rozwi\u0105zaniem do nowoczesnych wn\u0119trz. Ok\u0142adziny wykonujemy z r\u00f3\u017cnego rodzaju szk\u0142a hartowanego i w dowolnej kolorystyce. Ladcobel cechuje si\u0119 jednolit\u0105 barw\u0105, estetyk\u0105 i \u0142atwo\u015bci\u0105 w utrzymaniu czysto\u015bci.<\/p>\n<p><strong>Tablice informacyjne<\/strong> &#8211;\u00a0 pylony reklamowe, tabliczki drzwiowe i loga dostarczamy wykonane wed\u0142ug projektu naszych klient\u00f3w lub z us\u0142ug\u0105 projektowania. R\u00f3\u017cnego rodzaju tablice reklamowe wykonywane s\u0105 z takich materia\u0142\u00f3w jak zabezpieczona antykorozyjnie stal, laminowany styrodur, tworzywo PCV, szk\u0142o hartowane.<\/p>\n","protected":false},"excerpt":{"rendered":"<p>Fotele audytoryjne \u2013 g\u0142\u00f3wna dziedzina naszej dzia\u0142alno\u015bci to dostawa i monta\u017c foteli i krzese\u0142 widowiskowych tj. foteli teatralnych oraz foteli i krzese\u0142 audytoryjnych. Posiadamy du\u017cy zakres asortymentu, a tak\u017ce projektujemy i wykonujemy modele foteli i krzese\u0142 zgodnie z oczekiwaniem naszych klient\u00f3w. Meble projektowane \u2013 produkujemy i dostarczamy meble nietypowe takie jak lady recepcyjne, katedry i [&hellip;]<\/p>\n","protected":false},"author":1,"featured_media":0,"parent":0,"menu_order":0,"comment_status":"closed","ping_status":"closed","template":"page_fullwidth.php","meta":[],"_links":{"self":[{"href":"https:\/\/agjkomfort.pl\/index.php?rest_route=\/wp\/v2\/pages\/174"}],"collection":[{"href":"https:\/\/agjkomfort.pl\/index.php?rest_route=\/wp\/v2\/pages"}],"about":[{"href":"https:\/\/agjkomfort.pl\/index.php?rest_route=\/wp\/v2\/types\/page"}],"author":[{"embeddable":true,"href":"https:\/\/agjkomfort.pl\/index.php?rest_route=\/wp\/v2\/users\/1"}],"replies":[{"embeddable":true,"href":"https:\/\/agjkomfort.pl\/index.php?rest_route=%2Fwp%2Fv2%2Fcomments&post=174"}],"version-history":[{"count":3,"href":"https:\/\/agjkomfort.pl\/index.php?rest_route=\/wp\/v2\/pages\/174\/revisions"}],"predecessor-version":[{"id":181,"href":"https:\/\/agjkomfort.pl\/index.php?rest_route=\/wp\/v2\/pages\/174\/revisions\/181"}],"wp:attachment":[{"href":"https:\/\/agjkomfort.pl\/index.php?rest_route=%2Fwp%2Fv2%2Fmedia&parent=174"}],"curies":[{"name":"wp","href":"https:\/\/api.w.org\/{rel}","templated":true}]}}